{"id":3954,"date":"2016-07-15T14:19:56","date_gmt":"2016-07-15T14:19:56","guid":{"rendered":"https:\/\/saude-escudeiro.pt\/contactos\/"},"modified":"2019-01-18T13:04:56","modified_gmt":"2019-01-18T13:04:56","slug":"contacts","status":"publish","type":"page","link":"https:\/\/saude-escudeiro.pt\/fr\/contacts\/","title":{"rendered":"Contacts"},"content":{"rendered":"<\/div><\/div><\/div><!-- close content main div --><\/div><\/div><div id='av_section_1' class='avia-section main_color avia-section-default avia-no-border-styling avia-bg-style-scroll   container_wrap sidebar_right' style = 'background-image: '  ><div class='container' ><div class='template-page content  av-content-small alpha units'><div class='post-entry post-entry-type-page post-entry-3954'><div class='entry-content-wrapper clearfix'>\n<div class=\"flex_column av_three_fifth  flex_column_div av-zero-column-padding first  \" style='border-radius:0px; '><p><div style='padding-bottom:10px; ' class='av-special-heading av-special-heading-h4  blockquote modern-quote   '><h4 class='av-special-heading-tag '  itemprop=\"headline\"  >Entrer en contact<\/h4><div class ='av-subheading av-subheading_below  ' style='font-size:15px;'><p>Nous sommes ici pour vous aider, laissez votre message ici.<\/p>\n<\/div><div class='special-heading-border'><div class='special-heading-inner-border' ><\/div><\/div><\/div><br \/>\n<section class=\"av_textblock_section \"  itemscope=\"itemscope\" itemtype=\"https:\/\/schema.org\/CreativeWork\" ><div class='avia_textblock  '   itemprop=\"text\" >\n<div class=\"wpcf7 no-js\" id=\"wpcf7-f4309-o1\" lang=\"pt-PT\" dir=\"ltr\" data-wpcf7-id=\"4309\">\n<div class=\"screen-reader-response\"><p role=\"status\" aria-live=\"polite\" aria-atomic=\"true\"><\/p> <ul><\/ul><\/div>\n<form action=\"\/fr\/wp-json\/wp\/v2\/pages\/3954#wpcf7-f4309-o1\" method=\"post\" class=\"wpcf7-form init\" aria-label=\"Formul\u00e1rio de contacto\" novalidate=\"novalidate\" data-status=\"init\">\n<div style=\"display: none;\">\n<input type=\"hidden\" name=\"_wpcf7\" value=\"4309\" \/>\n<input type=\"hidden\" name=\"_wpcf7_version\" value=\"6.0.2\" \/>\n<input type=\"hidden\" name=\"_wpcf7_locale\" value=\"pt_PT\" \/>\n<input type=\"hidden\" name=\"_wpcf7_unit_tag\" value=\"wpcf7-f4309-o1\" \/>\n<input type=\"hidden\" name=\"_wpcf7_container_post\" value=\"0\" \/>\n<input type=\"hidden\" name=\"_wpcf7_posted_data_hash\" value=\"\" \/>\n<input type=\"hidden\" name=\"_wpcf7_recaptcha_response\" value=\"\" \/>\n<\/div>\n<div class=\"wrapthisform\">\n\t<p class=\"first_form form_element form_element_half\"><br \/>\n<span class=\"wpcf7-form-control-wrap\" data-name=\"text-300\"><input size=\"40\" maxlength=\"400\" class=\"wpcf7-form-control wpcf7-text wpcf7-validates-as-required text_input\" aria-required=\"true\" aria-invalid=\"false\" placeholder=\"Nom*\" value=\"\" type=\"text\" name=\"text-300\" \/><\/span>\n\t<\/p>\n\t<p class=\"form_element form_element_half\"><br \/>\n<span class=\"wpcf7-form-control-wrap\" data-name=\"text-301\"><input size=\"40\" maxlength=\"400\" class=\"wpcf7-form-control wpcf7-text wpcf7-validates-as-required text_input\" aria-required=\"true\" aria-invalid=\"false\" placeholder=\"Nom de Famille*\" value=\"\" type=\"text\" name=\"text-301\" \/><\/span>\n\t<\/p>\n\t<p class=\"first_form form_element form_element_half\"><br \/>\n<span class=\"wpcf7-form-control-wrap\" data-name=\"your-email\"><input size=\"40\" maxlength=\"400\" class=\"wpcf7-form-control wpcf7-email wpcf7-validates-as-required wpcf7-text wpcf7-validates-as-email text_input\" aria-required=\"true\" aria-invalid=\"false\" placeholder=\"Email*\" value=\"\" type=\"email\" name=\"your-email\" \/><\/span>\n\t<\/p>\n\t<p class=\"form_element form_element_half\"><br \/>\n<span class=\"wpcf7-form-control-wrap\" data-name=\"text-302\"><input size=\"40\" maxlength=\"400\" class=\"wpcf7-form-control wpcf7-text text_input\" aria-invalid=\"false\" placeholder=\"Sujet\" value=\"\" type=\"text\" name=\"text-302\" \/><\/span>\n\t<\/p>\n\t<p class=\"form_element form_fullwidth\"><br \/>\n<span class=\"wpcf7-form-control-wrap\" data-name=\"your-message\"><textarea cols=\"40\" rows=\"10\" maxlength=\"2000\" class=\"wpcf7-form-control wpcf7-textarea wpcf7-validates-as-required text_area\" aria-required=\"true\" aria-invalid=\"false\" placeholder=\"Message*\" name=\"your-message\"><\/textarea><\/span>\n\t<\/p>\n\t<p class=\"form_element form_fullwidth\">Accord RGPD (R\u00e8glement g\u00e9n\u00e9ral sur la protection des donn\u00e9es)* <span class=\"wpcf7-form-control-wrap\" data-name=\"checkbox-881\"><span class=\"wpcf7-form-control wpcf7-checkbox wpcf7-validates-as-required wpcf7-exclusive-checkbox\"><span class=\"wpcf7-list-item first last\"><input type=\"checkbox\" name=\"checkbox-881\" value=\"J&#039;accepte que ce site stocke et traite les informations que j&#039;ai soumises afin de r\u00e9pondre \u00e0 ma demande.\" \/><span class=\"wpcf7-list-item-label\">J&#039;accepte que ce site stocke et traite les informations que j&#039;ai soumises afin de r\u00e9pondre \u00e0 ma demande.<\/span><\/span><\/span><\/span> Pour les effets dus, je d\u00e9clare avoir lu et accept\u00e9 le texte g\u00e9n\u00e9ral <a href=\"https:\/\/saude-escudeiro.pt\/fr\/politique-de-confidentialite-et-protection-des-donnees-personnelles\/\">Politique de protection des donn\u00e9es.<\/a>\n\t<\/p>\n\t<p><input class=\"wpcf7-form-control wpcf7-submit has-spinner\" type=\"submit\" value=\"ENVOYER\" \/>\n\t<\/p>\n<\/div><p style=\"display: none !important;\" class=\"akismet-fields-container\" data-prefix=\"_wpcf7_ak_\"><label>&#916;<textarea name=\"_wpcf7_ak_hp_textarea\" cols=\"45\" rows=\"8\" maxlength=\"100\"><\/textarea><\/label><input type=\"hidden\" id=\"ak_js_1\" name=\"_wpcf7_ak_js\" value=\"189\"\/><script>document.getElementById( \"ak_js_1\" ).setAttribute( \"value\", ( new Date() ).getTime() );<\/script><\/p><div class=\"wpcf7-response-output\" aria-hidden=\"true\"><\/div>\n<\/form>\n<\/div>\n\n<\/div><\/section><\/p><\/div><div class=\"flex_column av_two_fifth  flex_column_div av-zero-column-padding   \" style='border-radius:0px; '><p><div style='padding-bottom:10px; ' class='av-special-heading av-special-heading-h4  blockquote modern-quote   '><h4 class='av-special-heading-tag '  itemprop=\"headline\"  >Contact<\/h4><div class ='av-subheading av-subheading_below  ' style='font-size:15px;'><p>Les r\u00e9servations par t\u00e9l\u00e9phone doivent \u00eatre effectu\u00e9es en semaine entre 9h30 et 19h00.<\/p>\n<\/div><div class='special-heading-border'><div class='special-heading-inner-border' ><\/div><\/div><\/div><br \/>\n<div style='height:40px' class='hr hr-invisible  '><span class='hr-inner ' ><span class='hr-inner-style'><\/span><\/span><\/div><br \/>\n<section class=\"av_textblock_section \"  itemscope=\"itemscope\" itemtype=\"https:\/\/schema.org\/CreativeWork\" ><div class='avia_textblock  '   itemprop=\"text\" ><h4>Sa\u00fade Escudeiro<\/h4>\n<p><span class=\"av_font_icon avia_animate_when_visible  av-icon-style-  av-no-color avia-icon-pos-left \" style=\"\"><span class='av-icon-char' style='font-size:15px;line-height:15px;' aria-hidden='true' data-av_icon='\ue854' data-av_iconfont='entypo-fontello' ><\/span><\/span> +351 214587866 \/ +351 967027202<\/p>\n<p><span class=\"av_font_icon avia_animate_when_visible  av-icon-style-  av-no-color avia-icon-pos-left \" style=\"\"><span class='av-icon-char' style='font-size:15px;line-height:15px;' aria-hidden='true' data-av_icon='\ue805' data-av_iconfont='entypo-fontello' ><\/span><\/span> info@saude-escudeiro.pt<\/p>\n<p><span class=\"av_font_icon avia_animate_when_visible  av-icon-style-  av-no-color avia-icon-pos-left \" style=\"\"><span class='av-icon-char' style='font-size:15px;line-height:15px;' aria-hidden='true' data-av_icon='\ue842' data-av_iconfont='entypo-fontello' ><\/span><\/span> Av. de Portugal n\u00ba198 Loja \u2013 B Urb. Quinta S\u00e3o Gon\u00e7alo, 2775-396 Carcavelos\u00a0 &#8211; Portugal| GPS 38.681400,-9.327200<\/p>\n<p><span class=\"av_font_icon avia_animate_when_visible  av-icon-style-  av-no-color avia-icon-pos-left \" style=\"\"><span class='av-icon-char' style='font-size:15px;line-height:15px;' aria-hidden='true' data-av_icon='\ue80a' data-av_iconfont='entypo-fontello' ><\/span><\/span> <a href=\"https:\/\/saude-escudeiro.pt\/fr\/service-client\/\">Service Client<\/a><\/p>\n<\/div><\/section><\/p><\/div><\/div><\/div><\/div><!-- close content main div --><\/div><\/div><div id='after_section_1' class='main_color av_default_container_wrap container_wrap sidebar_right'   ><div class='container' ><div class='template-page content  av-content-small alpha units'><div class='post-entry post-entry-type-page post-entry-3954'><div class='entry-content-wrapper clearfix'><div class=\"av_gmaps_sc_main_wrap av_gmaps_main_wrap\"><div id='av_gmap_0' class='avia-google-map-container avia-google-map-sc av_gmaps_show_unconditionally av-no-fallback-img  av-mini-hide' data-mapid='av_gmap_0'  style='height: 400px;'><a class=\"av_gmaps_browser_disabled av_text_confirm_link av_text_confirm_link_visible\" href=\"https:\/\/www.google.com\/maps\/search\/?api=1&#038;query=Av.%20de%20Portugal%20n\u00ba198%20Loja%20\u2013%20B%20Urb.%20Quinta%20S\u00e3o%20Gon\u00e7alo%202775-396%20Carcavelos%20%20Portugal\" target=\"_blank\">Maps were disabled by the visitor on this site.<\/a><\/div><\/div><\/p>\n","protected":false},"excerpt":{"rendered":"... <a href=\"https:\/\/saude-escudeiro.pt\/fr\/contacts\/\">Continuar a ler<\/a>.","protected":false},"author":7,"featured_media":0,"parent":0,"menu_order":7,"comment_status":"closed","ping_status":"closed","template":"","meta":{"inline_featured_image":false,"footnotes":""},"class_list":["post-3954","page","type-page","status-publish","hentry"],"_links":{"self":[{"href":"https:\/\/saude-escudeiro.pt\/fr\/wp-json\/wp\/v2\/pages\/3954","targetHints":{"allow":["GET"]}}],"collection":[{"href":"https:\/\/saude-escudeiro.pt\/fr\/wp-json\/wp\/v2\/pages"}],"about":[{"href":"https:\/\/saude-escudeiro.pt\/fr\/wp-json\/wp\/v2\/types\/page"}],"author":[{"embeddable":true,"href":"https:\/\/saude-escudeiro.pt\/fr\/wp-json\/wp\/v2\/users\/7"}],"replies":[{"embeddable":true,"href":"https:\/\/saude-escudeiro.pt\/fr\/wp-json\/wp\/v2\/comments?post=3954"}],"version-history":[{"count":3,"href":"https:\/\/saude-escudeiro.pt\/fr\/wp-json\/wp\/v2\/pages\/3954\/revisions"}],"predecessor-version":[{"id":4310,"href":"https:\/\/saude-escudeiro.pt\/fr\/wp-json\/wp\/v2\/pages\/3954\/revisions\/4310"}],"wp:attachment":[{"href":"https:\/\/saude-escudeiro.pt\/fr\/wp-json\/wp\/v2\/media?parent=3954"}],"curies":[{"name":"wp","href":"https:\/\/api.w.org\/{rel}","templated":true}]}}