{"id":4050,"date":"2018-07-17T15:41:27","date_gmt":"2018-07-17T15:41:27","guid":{"rendered":"https:\/\/saude-escudeiro.pt\/apoio-ao-cliente\/"},"modified":"2019-01-18T02:26:57","modified_gmt":"2019-01-18T02:26:57","slug":"service-client","status":"publish","type":"page","link":"https:\/\/saude-escudeiro.pt\/fr\/service-client\/","title":{"rendered":"Service Client"},"content":{"rendered":"<h2>SERVICE CLIENT<\/h2>\n<p>Avant d\u2019acc\u00e9der \u00e0 notre site Web et de l\u2019utiliser, veuillez lire attentivement les Conditions g\u00e9n\u00e9rales et la Politique de confidentialit\u00e9 et de protection des donn\u00e9es personnelles.<\/p>\n<p>En acc\u00e9dant \u00e0 ce site Web et en l&rsquo;utilisant, vous d\u00e9clarez avoir lu, compris et accept\u00e9 les conditions g\u00e9n\u00e9rales d\u00e9crites ci-apr\u00e8s, et avoir pris connaissance de notre politique de confidentialit\u00e9 et de protection des donn\u00e9es personnelles, sans qu&rsquo;aucun acte ou consentement ult\u00e9rieur ne soit n\u00e9cessaire.<\/p>\n<p>Les conditions g\u00e9n\u00e9rales ainsi que la politique de confidentialit\u00e9 et la protection des donn\u00e9es personnelles peuvent \u00eatre modifi\u00e9es \u00e0 tout moment par d\u00e9cision de Sa\u00fade Escudeiro, Lda, \u00e9tant donn\u00e9 que les modifications prennent effet \u00e0 compter de la date de leur affichage sur le site.<\/p>\n<p>Votre acc\u00e8s et votre utilisation ult\u00e9rieurs du site par l&rsquo;utilisateur seront consid\u00e9r\u00e9s comme un signe non \u00e9quivoque du fait que l&rsquo;utilisateur a lu, accept\u00e9 et compris les nouvelles conditions.<\/p>\n<p>Il est express\u00e9ment interdit d&rsquo;utiliser le site Web \u00e0 des fins ill\u00e9gales ou \u00e0 d&rsquo;autres fins qui pourraient \u00eatre consid\u00e9r\u00e9es comme indignes de l&rsquo;image de <strong>Sa\u00fade Escudeiro, Lda.<\/strong><\/p>\n<p>&nbsp;<\/p>\n<ul>\n<li><a href=\"https:\/\/saude-escudeiro.pt\/fr\/politique-de-confidentialite-et-protection-des-donnees-personnelles\">Politique de confidentialit\u00e9 et protection des donn\u00e9es personnelles<\/a><\/li>\n<li><a href=\"https:\/\/saude-escudeiro.pt\/fr\/politique-d-utilisation-et-cookies\">Politique d&rsquo;utilisation et cookies<\/a><\/li>\n<li><a href=\"https:\/\/saude-escudeiro.pt\/fr\/politique-d-achat\">Politique d&rsquo;achat<\/a><\/li>\n<li><a href=\"https:\/\/www.livroreclamacoes.pt\/inicio\" target=\"_blank\" rel=\"noopener\">Livre de r\u00e9clamation en ligne<\/a><\/li>\n<\/ul>\n<p>&nbsp;<\/p>\n","protected":false},"excerpt":{"rendered":"<p>SERVICE CLIENT Avant d\u2019acc\u00e9der \u00e0 notre site Web et de l\u2019utiliser, veuillez lire attentivement les Conditions g\u00e9n\u00e9rales et la Politique de confidentialit\u00e9 et de protection des donn\u00e9es personnelles. En acc\u00e9dant \u00e0 ce site Web et en l&rsquo;utilisant, vous d\u00e9clarez avoir lu, compris et accept\u00e9 les conditions g\u00e9n\u00e9rales d\u00e9crites ci-apr\u00e8s, et avoir pris connaissance de notre<\/p>\n... <a href=\"https:\/\/saude-escudeiro.pt\/fr\/service-client\/\">Continuar a ler<\/a>.","protected":false},"author":7,"featured_media":0,"parent":0,"menu_order":11,"comment_status":"closed","ping_status":"closed","template":"","meta":{"inline_featured_image":false,"footnotes":""},"class_list":["post-4050","page","type-page","status-publish","hentry"],"_links":{"self":[{"href":"https:\/\/saude-escudeiro.pt\/fr\/wp-json\/wp\/v2\/pages\/4050","targetHints":{"allow":["GET"]}}],"collection":[{"href":"https:\/\/saude-escudeiro.pt\/fr\/wp-json\/wp\/v2\/pages"}],"about":[{"href":"https:\/\/saude-escudeiro.pt\/fr\/wp-json\/wp\/v2\/types\/page"}],"author":[{"embeddable":true,"href":"https:\/\/saude-escudeiro.pt\/fr\/wp-json\/wp\/v2\/users\/7"}],"replies":[{"embeddable":true,"href":"https:\/\/saude-escudeiro.pt\/fr\/wp-json\/wp\/v2\/comments?post=4050"}],"version-history":[{"count":2,"href":"https:\/\/saude-escudeiro.pt\/fr\/wp-json\/wp\/v2\/pages\/4050\/revisions"}],"predecessor-version":[{"id":4056,"href":"https:\/\/saude-escudeiro.pt\/fr\/wp-json\/wp\/v2\/pages\/4050\/revisions\/4056"}],"wp:attachment":[{"href":"https:\/\/saude-escudeiro.pt\/fr\/wp-json\/wp\/v2\/media?parent=4050"}],"curies":[{"name":"wp","href":"https:\/\/api.w.org\/{rel}","templated":true}]}}