{"id":4070,"date":"2018-07-17T15:39:55","date_gmt":"2018-07-17T15:39:55","guid":{"rendered":"https:\/\/saude-escudeiro.pt\/politica-de-utilizacao-e-cookies\/"},"modified":"2019-01-18T02:46:17","modified_gmt":"2019-01-18T02:46:17","slug":"politique-d-utilisation-et-cookies","status":"publish","type":"page","link":"https:\/\/saude-escudeiro.pt\/fr\/politique-d-utilisation-et-cookies\/","title":{"rendered":"Politique d&rsquo;utilisation et cookies"},"content":{"rendered":"<h2>POLITIQUE D&rsquo;UTILISATION ET COOKIES<\/h2>\n<p><strong>Conditions d&rsquo;utilisation<\/strong><\/p>\n<p>Ce site Web doit \u00eatre utilis\u00e9 exclusivement pour votre usage personnel.<\/p>\n<p>L&rsquo;utilisateur s&rsquo;engage \u00e9galement \u00e0 ne pas utiliser ce site web ni les informations qu&rsquo;il contient \u00e0 des fins ill\u00e9gales ou interdites ou \u00e0 d&rsquo;autres fins qui pourraient \u00eatre consid\u00e9r\u00e9es indignes de l&rsquo;image de Sa\u00fade Escudeiro, Lda.<\/p>\n<p>Les informations sur le site Web doivent \u00eatre consult\u00e9es dans la section informations. Malgr\u00e9 les efforts de Sa\u00fade Escudeiro, Lda. pour maintenir le contenu \u00e0 jour et fiable, ils peuvent contenir des erreurs typographiques, ou sont p\u00e9rim\u00e9s, et peuvent \u00eatre modifi\u00e9s \u00e0 tout moment, sans obligation de notification pr\u00e9alable \u00e0 Sa\u00fade Escudeiro, Lda.<\/p>\n<p>&nbsp;<\/p>\n<p><strong>Des hyperliens<\/strong><\/p>\n<p>Pour faciliter son accessibilit\u00e9, Sa\u00fade Escudeiro, Lda. peut inclure des liens vers d&rsquo;autres sites Web sur Internet. Lorsque vous utilisez des liens vers ces sites Web, vous devez lire et accepter leurs r\u00e8gles avant de les utiliser. Nous ne pouvons pas garantir la qualit\u00e9 de ceux-ci, ni assumer aucune responsabilit\u00e9 pour le contenu ou les autres fonctionnalit\u00e9s de ces sites.<\/p>\n<p>Le site Web Sa\u00fade Escudeiro, Lda. n&rsquo;est pas responsable du contenu ou du th\u00e8me de tout autre portail, y compris des sites Web ayant donn\u00e9 acc\u00e8s \u00e0 votre portail ou ayant \u00e9t\u00e9 acc\u00e9d\u00e9 via son portail.<\/p>\n<p>&nbsp;<\/p>\n<p><strong>Droits d&rsquo;auteur et droits de propri\u00e9t\u00e9 intellectuelle ou industrielle<\/strong><\/p>\n<p>En acc\u00e9dant \u00e0 ce site et en le parcourant, vous reconnaissez et acceptez que tout le contenu de ce site est la propri\u00e9t\u00e9 ou l&rsquo;utilisation exclusive de Sa\u00fade Escudeiro, Lda. ou de ses conc\u00e9dants de licence, et qu&rsquo;il est prot\u00e9g\u00e9 par les dispositions g\u00e9n\u00e9rales de la loi et par la l\u00e9gislation nationale. protection de la propri\u00e9t\u00e9 intellectuelle, sauf indication contraire expresse.<\/p>\n<p>Le contenu des pages de ce site Web est prot\u00e9g\u00e9 par le droit d&rsquo;auteur et les droits connexes, ainsi que par les droits de propri\u00e9t\u00e9 intellectuelle et industrielle.<\/p>\n<p>La reproduction \u00e0 des fins personnelles est autoris\u00e9e mais la modification, l\u2019imitation, la reproduction, la duplication, la copie, la distribution, le pr\u00eat, la location, le transfert, la vente, la revente ou toute autre forme non autoris\u00e9e est interdite \u00e0 des fins commerciales ou non. site web.<\/p>\n<p>Sa\u00fade Escudeiro, Lda vous accorde uniquement une licence limit\u00e9e, non exclusive et non transf\u00e9rable vous permettant d&rsquo;afficher ou d&rsquo;imprimer le contenu du site Web pour un usage personnel et non commercial uniquement.<\/p>\n<p>Les exceptions \u00e0 ces interdictions sont l&rsquo;utilisation libre autoris\u00e9e par la loi, \u00e0 savoir le droit de citation, \u00e0 condition que son origine soit clairement identifi\u00e9e.<\/p>\n<p>&nbsp;<\/p>\n<p><strong>Cookies<\/strong><\/p>\n<p>Nous utilisons des cookies sur notre site Web pour am\u00e9liorer les performances et votre exp\u00e9rience en tant qu&rsquo;utilisateur. Ce document explique comment nous le faisons.<\/p>\n<p><strong>Que sont les cookies?<\/strong><\/p>\n<p>Les \u00abcookies\u00bb sont de petits fichiers texte stock\u00e9s sur votre ordinateur ou sur votre appareil mobile via le navigateur, ne conservant que les informations li\u00e9es \u00e0 vos pr\u00e9f\u00e9rences, \u00e0 l&rsquo;exclusion de vos donn\u00e9es personnelles. L&rsquo;installation de cookies aidera le site Web \u00e0 reconna\u00eetre votre appareil lors de votre prochaine visite.<\/p>\n<p>Nous utilisons le terme cookies dans cette politique pour faire r\u00e9f\u00e9rence \u00e0 tous les fichiers qui collectent des informations de cette mani\u00e8re.<\/p>\n<p>Les cookies utilis\u00e9s ne collectent pas d&rsquo;informations permettant d&rsquo;identifier l&rsquo;utilisateur. Les cookies collectent des informations g\u00e9n\u00e9riques, telles que la mani\u00e8re dont les utilisateurs arrivent et utilisent les sites Web ou la zone du pays \/ des pays par lesquels ils acc\u00e8dent au site Web, etc.<\/p>\n<p>Les cookies ne retiennent que les informations li\u00e9es \u00e0 vos pr\u00e9f\u00e9rences. A tout moment, l&rsquo;utilisateur peut, par le biais de son navigateur, d\u00e9cider d&rsquo;\u00eatre averti de la r\u00e9ception de cookies, ainsi que de bloquer leur entr\u00e9e dans son syst\u00e8me.<\/p>\n<p>Le refus d&rsquo;utiliser des cookies sur le site Web peut entra\u00eener l&rsquo;impossibilit\u00e9 d&rsquo;acc\u00e9der \u00e0 certaines de vos zones ou de recevoir des informations personnalis\u00e9es.<\/p>\n<p><strong>A quoi servent les cookies?<\/strong><\/p>\n<p>Les cookies aident \u00e0 d\u00e9terminer l&rsquo;utilit\u00e9, l&rsquo;int\u00e9r\u00eat et le nombre d&rsquo;utilisations de vos sites Web, permettant une navigation plus rapide et plus efficace, \u00e9vitant ainsi la n\u00e9cessit\u00e9 de saisir plusieurs fois les m\u00eames informations.<\/p>\n<p><strong>Les cookies peuvent \u00eatre:<\/strong><\/p>\n<p>Cookies permanents Ils sont stock\u00e9s, pendant un temps variable, au niveau du navigateur dans leurs dispositifs d&rsquo;acc\u00e8s (PC, mobile et tablette) et sont utilis\u00e9s chaque fois que l&rsquo;utilisateur effectue une nouvelle visite sur le site. Ils sont g\u00e9n\u00e9ralement utilis\u00e9s pour diriger la navigation en fonction des int\u00e9r\u00eats de l&rsquo;utilisateur, ce qui nous permet de fournir un service plus personnalis\u00e9.<\/p>\n<p>Cookies de session &#8211; Ils sont temporaires et restent dans les cookies de votre navigateur jusqu&rsquo;\u00e0 ce que vous quittiez le site. Les informations obtenues vous permettent d&rsquo;identifier les probl\u00e8mes et de fournir une meilleure exp\u00e9rience de navigation.<\/p>\n<p><strong>Comment pouvez-vous g\u00e9rer les cookies?<\/strong><\/p>\n<p>La fa\u00e7on dont nous expliquons les cookies vous aide \u00e0 tirer le meilleur parti de notre site Web.<\/p>\n<p>Tous les navigateurs Internet (navigateurs) permettent \u00e0 l&rsquo;utilisateur d&rsquo;accepter, de refuser ou de supprimer\u00a0cookies, notamment en s\u00e9lectionnant les param\u00e8tres appropri\u00e9s dans leur navigateur.<\/p>\n<p>Apr\u00e8s avoir autoris\u00e9 l&rsquo;utilisation de cookies, vous pouvez toujours d\u00e9sactiver tout ou partie de nos cookies.<\/p>\n<p>&nbsp;<\/p>\n<p><strong>Utilisation et risque<\/strong><\/p>\n<p>Ni Sa\u00fade Escudeiro, Lda., ni aucune autre partie impliqu\u00e9e dans la cr\u00e9ation, la production, la maintenance ou la mise en \u0153uvre du site ne peuvent \u00eatre tenus pour responsables de dommages ou pr\u00e9judices en mati\u00e8re de responsabilit\u00e9 civile (y compris, sans toutefois s&rsquo;y limiter, les dommages, pertes de profits et dommages d\u00e9coulant directement ou indirectement de l&rsquo;utilisation correcte ou incorrecte du site Web et de son contenu par l&rsquo;utilisateur, de l&rsquo;acc\u00e8s de tiers \u00e0 l&rsquo;ordinateur et au syst\u00e8me informatique de l&rsquo;utilisateur, de virus, etc.<\/p>\n<p>Bien que nous nous attachions \u00e0 la s\u00e9curit\u00e9 de votre site Web et \u00e0 la mise en \u0153uvre des mesures de protection techniques, physiques et logiques suffisantes pour garantir sa protection, Sa\u00fade Escudeiro, Lda. ne garantit ni ne d\u00e9clare que les fichiers ou autres contenus disponibles au t\u00e9l\u00e9chargement sur le site sont exempts de virus, vers, chevaux de Troie, scripts, ou de tout autre code ou programme contenant des propri\u00e9t\u00e9s destructives ou nuisibles.<\/p>\n<p>&nbsp;<\/p>\n<p><strong>Loi applicable et tribunal comp\u00e9tent<\/strong><\/p>\n<p>Les pr\u00e9sentes conditions g\u00e9n\u00e9rales sont r\u00e9gies et interpr\u00e9t\u00e9es conform\u00e9ment au droit portugais. La Cour de comt\u00e9 de Cascais est comp\u00e9tente pour exclure toute autre solution afin de r\u00e9soudre tout conflit r\u00e9sultant de l&rsquo;interpr\u00e9tation et de l&rsquo;application des pr\u00e9sentes conditions d&rsquo;utilisation du site Web de Sa\u00fade Escudeiro, Lda.<\/p>\n<p>&nbsp;<\/p>\n<p><strong>R\u00e9solution alternative des litiges<\/strong><\/p>\n<p>Conform\u00e9ment \u00e0 la loi 144\/2015 du 8 septembre, nous informons qu&rsquo;en cas de litige, le consommateur peut recourir \u00e0 un organe alternatif de r\u00e8glement des litiges de consommation:<\/p>\n<p>Centre d&rsquo;arbitrage de consommateurs de Lisbonne<\/p>\n<p>Contrats sign\u00e9s dans la r\u00e9gion m\u00e9tropolitaine de Lisbonne: Lisbonne, Alcochete, Almada, Amadora, Azambuja, Barreiro, Cascais, Loures, Mafra, Moita, Montijo, Odivelas, Oeiras, Palmela, Seixal, S\u00e9simbra, Samba, Set\u00fabal, Sintra et Vila Franca de Xira.<\/p>\n<p>Rua dos Douradores, 116, 2\u00ba &#8211; 1100-207 LISBOA<\/p>\n<p>T\u00e9l: +351 218 807 030 \/ Fax: +351 218 807 038<\/p>\n<p>E-mail: juridico@centroarbitragemlisboa.pt | director@centroarbitragemlisboa.pt<\/p>\n<p>Web: www.centroarbitragemlisboa.pt<\/p>\n<p>Plus d&rsquo;informations sur Portal do Consumidor www.consumidor.pt.<\/p>\n","protected":false},"excerpt":{"rendered":"<p>POLITIQUE D&rsquo;UTILISATION ET COOKIES Conditions d&rsquo;utilisation Ce site Web doit \u00eatre utilis\u00e9 exclusivement pour votre usage personnel. L&rsquo;utilisateur s&rsquo;engage \u00e9galement \u00e0 ne pas utiliser ce site web ni les informations qu&rsquo;il contient \u00e0 des fins ill\u00e9gales ou interdites ou \u00e0 d&rsquo;autres fins qui pourraient \u00eatre consid\u00e9r\u00e9es indignes de l&rsquo;image de Sa\u00fade Escudeiro, Lda. Les informations<\/p>\n... <a href=\"https:\/\/saude-escudeiro.pt\/fr\/politique-d-utilisation-et-cookies\/\">Continuar a ler<\/a>.","protected":false},"author":7,"featured_media":0,"parent":0,"menu_order":10,"comment_status":"closed","ping_status":"closed","template":"","meta":{"inline_featured_image":false,"footnotes":""},"class_list":["post-4070","page","type-page","status-publish","hentry"],"_links":{"self":[{"href":"https:\/\/saude-escudeiro.pt\/fr\/wp-json\/wp\/v2\/pages\/4070","targetHints":{"allow":["GET"]}}],"collection":[{"href":"https:\/\/saude-escudeiro.pt\/fr\/wp-json\/wp\/v2\/pages"}],"about":[{"href":"https:\/\/saude-escudeiro.pt\/fr\/wp-json\/wp\/v2\/types\/page"}],"author":[{"embeddable":true,"href":"https:\/\/saude-escudeiro.pt\/fr\/wp-json\/wp\/v2\/users\/7"}],"replies":[{"embeddable":true,"href":"https:\/\/saude-escudeiro.pt\/fr\/wp-json\/wp\/v2\/comments?post=4070"}],"version-history":[{"count":2,"href":"https:\/\/saude-escudeiro.pt\/fr\/wp-json\/wp\/v2\/pages\/4070\/revisions"}],"predecessor-version":[{"id":4076,"href":"https:\/\/saude-escudeiro.pt\/fr\/wp-json\/wp\/v2\/pages\/4070\/revisions\/4076"}],"wp:attachment":[{"href":"https:\/\/saude-escudeiro.pt\/fr\/wp-json\/wp\/v2\/media?parent=4070"}],"curies":[{"name":"wp","href":"https:\/\/api.w.org\/{rel}","templated":true}]}}