{"id":4170,"date":"2018-10-17T18:05:56","date_gmt":"2018-10-17T18:05:56","guid":{"rendered":"https:\/\/saude-escudeiro.pt\/protocolo-otimizar-a-produtividade-mental\/"},"modified":"2019-01-18T14:50:59","modified_gmt":"2019-01-18T14:50:59","slug":"protocole-optimiser-la-productivite-mentale","status":"publish","type":"page","link":"https:\/\/saude-escudeiro.pt\/fr\/protocole-optimiser-la-productivite-mentale\/","title":{"rendered":"Protocole &#8211; OPTIMISER LA PRODUCTIVIT\u00c9 MENTALE"},"content":{"rendered":"<\/div><\/div><\/div><!-- close content main div --><\/div><\/div><div id='av-layout-grid-1' class='av-layout-grid-container entry-content-wrapper main_color av-flex-cells   av-small-hide av-mini-hide   container_wrap sidebar_right'   >\n<div class=\"flex_cell no_margin av_one_half   avia-full-stretch \" style='height:500px; min-height:500px;background:url(https:\/\/saude-escudeiro.pt\/wp-content\/uploads\/2018\/10\/adquirir_protocolo_otimiza_produtividade_mental.jpg) top center no-repeat scroll; vertical-align:middle; padding:80px; '><div class='flex_cell_inner' ><\/div><\/div><div class=\"flex_cell no_margin av_one_half   \" style='height:500px; min-height:500px;background: #22689e; vertical-align:middle; padding:80px; background-color:#22689e; '><div class='flex_cell_inner' ><p><div style='padding-bottom:25px; color:#ffffff;font-size:34px;' class='av-special-heading av-special-heading-h3 custom-color-heading blockquote modern-quote modern-centered   av-inherit-size '><h3 class='av-special-heading-tag '  itemprop=\"headline\"  >OPTIMISER LA PRODUCTIVIT\u00c9 MENTALE<\/h3><div class='special-heading-border'><div class='special-heading-inner-border' style='border-color:#ffffff'><\/div><\/div><\/div><br \/>\n<section class=\"av_textblock_section \"  itemscope=\"itemscope\" itemtype=\"https:\/\/schema.org\/CreativeWork\" ><div class='avia_textblock  av_inherit_color '  style='color:#ffffff; '  itemprop=\"text\" ><p>Ce protocole porte essentiellement sur l\u2019environnement physiologique qui influence le fonctionnement du cerveau.<\/p>\n<p>Les instructions d\u2019optimisation s\u2019appliquent aux connaissances pertinentes pour pouvoir contr\u00f4ler le fonctionnement du cerveau.<\/p>\n<p>Il inclut \u00e9galement des indications sur la mani\u00e8re de mesurer l&rsquo;efficacit\u00e9 du fonctionnement du cerveau de mani\u00e8re pratique et simple, afin que la personne puisse prendre les mesures pour leur optimisation de mani\u00e8re autonome.<\/p>\n<\/div><\/section><\/p>\n<\/div><\/div>\n<\/div>\n<\/div><\/div><\/div><!-- close content main div --><\/div><\/div><div id='thisisopt' class='avia-section main_color avia-section-huge avia-no-border-styling avia-bg-style-scroll   container_wrap sidebar_right' style = 'background-image: '  ><div class='container' ><div class='template-page content  av-content-small alpha units'><div class='post-entry post-entry-type-page post-entry-4170'><div class='entry-content-wrapper clearfix'>\n<div class='flex_column_table av-equal-height-column-flextable -flextable' style='margin-top:-200px; margin-bottom:0px; '><div class=\"flex_column av_one_third  av-hide-on-mobile  no_margin flex_column_table_cell av-equal-height-column av-align-top first   \" style='padding:40px; border-radius:0px; '><\/div><\/div><!--close column table wrapper. Autoclose: 1 --><div class='flex_column_table av-equal-height-column-flextable -flextable' style='margin-top:-200px; margin-bottom:0px; '><div class=\"flex_column av_one_third  no_margin flex_column_table_cell av-equal-height-column av-align-top   \" style='background: #67c104; padding:40px; background-color:#67c104; border-radius:0px; '><p><span class=\"av_font_icon avia_animate_when_visible  av-icon-style-  avia-icon-pos-center \" style=\"color:#ffffff; border-color:#ffffff;\"><span class='av-icon-char' style='font-size:60px;line-height:60px;' aria-hidden='true' data-av_icon='\ue84b' data-av_iconfont='entypo-fontello' ><\/span><\/span><br \/>\n<div style='height:20px' class='hr hr-invisible  '><span class='hr-inner ' ><span class='hr-inner-style'><\/span><\/span><\/div><br \/>\n<section class=\"av_textblock_section \"  itemscope=\"itemscope\" itemtype=\"https:\/\/schema.org\/CreativeWork\" ><div class='avia_textblock  av_inherit_color '  style='color:#ffffff; '  itemprop=\"text\" ><p style=\"text-align: center;\"><b>OPTIMISER LA PRODUCTIVIT\u00c9 MENTALE<\/b><\/p>\n<\/div><\/section><\/p><\/div><\/div><!--close column table wrapper. Autoclose: 1 --><div class='flex_column_table av-equal-height-column-flextable -flextable' style='margin-top:-200px; margin-bottom:0px; '><div class=\"flex_column av_one_third  av-hide-on-mobile  no_margin flex_column_table_cell av-equal-height-column av-align-top    \" style='padding:40px; border-radius:0px; '><\/div><\/div><!--close column table wrapper. Autoclose: 1 -->\n<\/div><\/div><\/div><!-- close content main div --><\/div><\/div><div id='after_section_1' class='main_color av_default_container_wrap container_wrap sidebar_right'   ><div class='container' ><div class='template-page content  av-content-small alpha units'><div class='post-entry post-entry-type-page post-entry-4170'><div class='entry-content-wrapper clearfix'>\n<\/div><\/div><\/div><!-- close content main div --><\/div><\/div><div id='av_section_2' class='avia-section main_color avia-section-default avia-no-border-styling avia-bg-style-scroll   container_wrap sidebar_right' style = 'background-image: '  ><div class='container' ><div class='template-page content  av-content-small alpha units'><div class='post-entry post-entry-type-page post-entry-4170'><div class='entry-content-wrapper clearfix'>\n<div class=\"flex_column av_one_half  flex_column_div av-zero-column-padding first  \" style='border-radius:0px; '><p><div style='padding-bottom:10px; ' class='av-special-heading av-special-heading-h3  blockquote modern-quote modern-centered   '><h3 class='av-special-heading-tag '  itemprop=\"headline\"  >OPTIMISER LA PRODUCTIVIT\u00c9 MENTALE<\/h3><div class='special-heading-border'><div class='special-heading-inner-border' ><\/div><\/div><\/div><br \/>\n<section class=\"av_textblock_section \"  itemscope=\"itemscope\" itemtype=\"https:\/\/schema.org\/CreativeWork\" ><div class='avia_textblock  '   itemprop=\"text\" ><p style=\"text-align: center;\">Pour ceux qui veulent \u00eatre \u00e0 leur meilleur.<\/p>\n<\/div><\/section><\/p><\/div><div class=\"flex_column av_one_half  flex_column_div av-zero-column-padding   \" style='border-radius:0px; '><p><div style='padding-bottom:10px; ' class='av-special-heading av-special-heading-h4  blockquote modern-quote modern-centered   '><h4 class='av-special-heading-tag '  itemprop=\"headline\"  >Donn\u00e9es pour le paiement<\/h4><div class='special-heading-border'><div class='special-heading-inner-border' ><\/div><\/div><\/div><br \/>\n<div class='avia-data-table-wrap avia_responsive_table'><table class='avia-table avia-data-table avia-table-1   avia_pricing_minimal '  itemscope=\"itemscope\" itemtype=\"https:\/\/schema.org\/Table\" ><tbody><tr class='avia-heading-row'><th class=''>Sa\u00fade escudeiro<\/th><th class=''><\/th><\/tr><tr class=''><td class=''>NIB<\/td><td class=''>0035 0754 00006521230 17<\/td><\/tr><tr class=''><td class=''>IBAN<\/td><td class=''>PT50 0035 0754 00006521230 17<\/td><\/tr><tr class=''><td class=''>SWIFT code<\/td><td class=''>lorem<\/td><\/tr><tr class=''><td class=''>FRAIS<\/td><td class=''>65 \u20ac<\/td><\/tr><\/tbody><\/table><\/div><style type='text\/css'>.avia-table-1 td:nth-of-type(1):before { content: 'Sa\u00fade escudeiro'; } .avia-table-1 td:nth-of-type(2):before { content: ''; } <\/style><br \/>\n<div style='padding-bottom:10px; ' class='av-special-heading av-special-heading-h4  blockquote modern-quote modern-centered   '><h4 class='av-special-heading-tag '  itemprop=\"headline\"  >ORDRE<\/h4><div class='special-heading-border'><div class='special-heading-inner-border' ><\/div><\/div><\/div><br \/>\n<section class=\"av_textblock_section \"  itemscope=\"itemscope\" itemtype=\"https:\/\/schema.org\/CreativeWork\" ><div class='avia_textblock  '   itemprop=\"text\" >\n<div class=\"wpcf7 no-js\" id=\"wpcf7-f4359-o1\" lang=\"pt-PT\" dir=\"ltr\" data-wpcf7-id=\"4359\">\n<div class=\"screen-reader-response\"><p role=\"status\" aria-live=\"polite\" aria-atomic=\"true\"><\/p> <ul><\/ul><\/div>\n<form action=\"\/fr\/wp-json\/wp\/v2\/pages\/4170#wpcf7-f4359-o1\" method=\"post\" class=\"wpcf7-form init\" aria-label=\"Formul\u00e1rio de contacto\" enctype=\"multipart\/form-data\" novalidate=\"novalidate\" data-status=\"init\">\n<div style=\"display: none;\">\n<input type=\"hidden\" name=\"_wpcf7\" value=\"4359\" \/>\n<input type=\"hidden\" name=\"_wpcf7_version\" value=\"6.0.2\" \/>\n<input type=\"hidden\" name=\"_wpcf7_locale\" value=\"pt_PT\" \/>\n<input type=\"hidden\" name=\"_wpcf7_unit_tag\" value=\"wpcf7-f4359-o1\" \/>\n<input type=\"hidden\" name=\"_wpcf7_container_post\" value=\"0\" \/>\n<input type=\"hidden\" name=\"_wpcf7_posted_data_hash\" value=\"\" \/>\n<input type=\"hidden\" name=\"_wpcf7_recaptcha_response\" value=\"\" \/>\n<\/div>\n<div class=\"wrapthisform\">\n\t<p class=\"first_form form_element form_element_half\"><br \/>\n<span class=\"wpcf7-form-control-wrap\" data-name=\"nome\"><input size=\"40\" maxlength=\"400\" class=\"wpcf7-form-control wpcf7-text wpcf7-validates-as-required text_input\" aria-required=\"true\" aria-invalid=\"false\" placeholder=\"Nom et surnom*\" value=\"\" type=\"text\" name=\"nome\" \/><\/span>\n\t<\/p>\n\t<p class=\"form_element form_element_half\"><br \/>\n<span class=\"wpcf7-form-control-wrap\" data-name=\"email\"><input size=\"40\" maxlength=\"400\" class=\"wpcf7-form-control wpcf7-email wpcf7-validates-as-required wpcf7-text wpcf7-validates-as-email text_input\" aria-required=\"true\" aria-invalid=\"false\" placeholder=\"Email*\" value=\"\" type=\"email\" name=\"email\" \/><\/span>\n\t<\/p>\n\t<p class=\"first_form form_element form_element_half\"><br \/>\n<span class=\"wpcf7-form-control-wrap\" data-name=\"nif\"><input size=\"40\" maxlength=\"400\" class=\"wpcf7-form-control wpcf7-text wpcf7-validates-as-required text_input\" aria-required=\"true\" aria-invalid=\"false\" placeholder=\"Num\u00e9ro d&#039;identification Fiscale*\" value=\"\" type=\"text\" name=\"nif\" \/><\/span>\n\t<\/p>\n\t<p class=\"form_element form_element_half\"><br \/>\n<span class=\"wpcf7-form-control-wrap\" data-name=\"telef221\"><input size=\"40\" maxlength=\"400\" class=\"wpcf7-form-control wpcf7-tel wpcf7-validates-as-required wpcf7-text wpcf7-validates-as-tel text_input\" aria-required=\"true\" aria-invalid=\"false\" placeholder=\"T\u00e9l\u00e9phone*\" value=\"\" type=\"tel\" name=\"telef221\" \/><\/span>\n\t<\/p>\n\t<p class=\"form_element form_fullwidth\"><br \/>\n<span class=\"wpcf7-form-control-wrap\" data-name=\"morada\"><input size=\"40\" maxlength=\"400\" class=\"wpcf7-form-control wpcf7-text wpcf7-validates-as-required text_input\" aria-required=\"true\" aria-invalid=\"false\" placeholder=\"Adresse*\" value=\"\" type=\"text\" name=\"morada\" \/><\/span>\n\t<\/p>\n\t<p class=\"first_form form_element form_element_half\"><br \/>\n<span class=\"wpcf7-form-control-wrap\" data-name=\"cpostal\"><input size=\"40\" maxlength=\"400\" class=\"wpcf7-form-control wpcf7-text wpcf7-validates-as-required text_input\" aria-required=\"true\" aria-invalid=\"false\" placeholder=\"Code Postal*\" value=\"\" type=\"text\" name=\"cpostal\" \/><\/span>\n\t<\/p>\n\t<p class=\"form_element form_element_half\"><br \/>\n<span class=\"wpcf7-form-control-wrap\" data-name=\"pais\"><input size=\"40\" maxlength=\"400\" class=\"wpcf7-form-control wpcf7-text wpcf7-validates-as-required text_input\" aria-required=\"true\" aria-invalid=\"false\" placeholder=\"Pays*\" value=\"\" type=\"text\" name=\"pais\" \/><\/span>\n\t<\/p>\n\t<p class=\"form_element form_fullwidth\"><br \/>\n<span class=\"wpcf7-form-control-wrap\" data-name=\"obs\"><textarea cols=\"40\" rows=\"10\" maxlength=\"2000\" class=\"wpcf7-form-control wpcf7-textarea wpcf7-validates-as-required text_area\" aria-required=\"true\" aria-invalid=\"false\" placeholder=\"Commentaires*\" name=\"obs\"><\/textarea><\/span>\n\t<\/p>\n\t<p class=\"form_element form_fullwidth\"><br \/>\n<span class=\"wpcf7-form-control-wrap\" data-name=\"radio-986\"><span class=\"wpcf7-form-control wpcf7-radio\"><span class=\"wpcf7-list-item first last\"><input type=\"radio\" name=\"radio-986\" value=\"Paiement: Virement bancaire\" checked=\"checked\" \/><span class=\"wpcf7-list-item-label\">Paiement: Virement bancaire<\/span><\/span><\/span><\/span>\n\t<\/p>\n\t<p class=\"form_element form_fullwidth\">Joindre un Re\u00e7u de Virement Bancaire<br \/>\n<span class=\"wpcf7-form-control-wrap\" data-name=\"file-567\"><input size=\"40\" class=\"wpcf7-form-control wpcf7-file\" accept=\".jpg,.png,.pdf\" aria-invalid=\"false\" type=\"file\" name=\"file-567\" \/><\/span><br \/>\n<span class=\"filelimit\">Le fichier peut contenir jusqu'\u00e0 5 Mo et peut \u00eatre envoy\u00e9 au format image ou pdf<\/span>\n\t<\/p>\n\t<p class=\"form_element form_fullwidth\">Accord GDPR (r\u00e8glement g\u00e9n\u00e9ral sur la protection des donn\u00e9es)*<br \/>\n<span class=\"wpcf7-form-control-wrap\" data-name=\"checkbox-881\"><span class=\"wpcf7-form-control wpcf7-checkbox wpcf7-validates-as-required wpcf7-exclusive-checkbox\"><span class=\"wpcf7-list-item first last\"><input type=\"checkbox\" name=\"checkbox-881\" value=\"J&#039;accepte que ce site stocke et traite les informations que j&#039;ai envoy\u00e9es afin de r\u00e9pondre \u00e0 ma demande.\" \/><span class=\"wpcf7-list-item-label\">J&#039;accepte que ce site stocke et traite les informations que j&#039;ai envoy\u00e9es afin de r\u00e9pondre \u00e0 ma demande.<\/span><\/span><\/span><\/span> En cons\u00e9quence, je d\u00e9clare avoir pris connaissance des conditions g\u00e9n\u00e9rales de vente <a href = \"https:\/\/saude-escudeiro.pt\/fr\/politique-de-confidentialite-et-protection-des-donnees-personnelles\/\"> Politique de confidentialit\u00e9 et protection des donn\u00e9es personnelles<\/a>\n\t<\/p>\n\t<p><input class=\"wpcf7-form-control wpcf7-submit has-spinner\" type=\"submit\" value=\"ENVOYER\" \/>\n\t<\/p>\n<\/div><p style=\"display: none !important;\" class=\"akismet-fields-container\" data-prefix=\"_wpcf7_ak_\"><label>&#916;<textarea name=\"_wpcf7_ak_hp_textarea\" cols=\"45\" rows=\"8\" maxlength=\"100\"><\/textarea><\/label><input type=\"hidden\" id=\"ak_js_1\" name=\"_wpcf7_ak_js\" value=\"232\"\/><script>document.getElementById( \"ak_js_1\" ).setAttribute( \"value\", ( new Date() ).getTime() );<\/script><\/p><div class=\"wpcf7-response-output\" aria-hidden=\"true\"><\/div>\n<\/form>\n<\/div>\n\n<\/div><\/section><\/p><\/div><\/div><\/div><\/div><!-- close content main div --><\/div><\/div><div id='after_section_2' class='main_color av_default_container_wrap container_wrap sidebar_right'   ><div class='container' ><div class='template-page content  av-content-small alpha units'><div class='post-entry post-entry-type-page post-entry-4170'><div class='entry-content-wrapper clearfix'>\n","protected":false},"excerpt":{"rendered":"... <a href=\"https:\/\/saude-escudeiro.pt\/fr\/protocole-optimiser-la-productivite-mentale\/\">Continuar a ler<\/a>.","protected":false},"author":3,"featured_media":0,"parent":0,"menu_order":13,"comment_status":"closed","ping_status":"closed","template":"","meta":{"inline_featured_image":false,"footnotes":""},"class_list":["post-4170","page","type-page","status-publish","hentry"],"_links":{"self":[{"href":"https:\/\/saude-escudeiro.pt\/fr\/wp-json\/wp\/v2\/pages\/4170","targetHints":{"allow":["GET"]}}],"collection":[{"href":"https:\/\/saude-escudeiro.pt\/fr\/wp-json\/wp\/v2\/pages"}],"about":[{"href":"https:\/\/saude-escudeiro.pt\/fr\/wp-json\/wp\/v2\/types\/page"}],"author":[{"embeddable":true,"href":"https:\/\/saude-escudeiro.pt\/fr\/wp-json\/wp\/v2\/users\/3"}],"replies":[{"embeddable":true,"href":"https:\/\/saude-escudeiro.pt\/fr\/wp-json\/wp\/v2\/comments?post=4170"}],"version-history":[{"count":3,"href":"https:\/\/saude-escudeiro.pt\/fr\/wp-json\/wp\/v2\/pages\/4170\/revisions"}],"predecessor-version":[{"id":4414,"href":"https:\/\/saude-escudeiro.pt\/fr\/wp-json\/wp\/v2\/pages\/4170\/revisions\/4414"}],"wp:attachment":[{"href":"https:\/\/saude-escudeiro.pt\/fr\/wp-json\/wp\/v2\/media?parent=4170"}],"curies":[{"name":"wp","href":"https:\/\/api.w.org\/{rel}","templated":true}]}}